{"id":96,"date":"2019-03-18T16:22:18","date_gmt":"2019-03-18T15:22:18","guid":{"rendered":"http:\/\/trekycimes.com\/?page_id=96"},"modified":"2026-01-04T12:30:56","modified_gmt":"2026-01-04T11:30:56","slug":"raquette","status":"publish","type":"page","link":"http:\/\/trekycimes.com\/index.php\/raquette\/","title":{"rendered":"Raquette \u00e0 neige"},"content":{"rendered":"<div class=\"wp-block-image is-resized\">\n<figure class=\"alignleft\"><img loading=\"lazy\" decoding=\"async\" width=\"1024\" height=\"576\" src=\"http:\/\/trekycimes.com\/wp-content\/uploads\/2019\/03\/20190204_123724-1024x576.jpg\" alt=\"\" class=\"wp-image-132\" srcset=\"http:\/\/trekycimes.com\/wp-content\/uploads\/2019\/03\/20190204_123724-1024x576.jpg 1024w, http:\/\/trekycimes.com\/wp-content\/uploads\/2019\/03\/20190204_123724-300x169.jpg 300w, http:\/\/trekycimes.com\/wp-content\/uploads\/2019\/03\/20190204_123724-768x432.jpg 768w\" sizes=\"(max-width: 1024px) 100vw, 1024px\" \/><\/figure><\/div>\n\n\n<p class=\"has-normal-font-size\"><strong><mark style=\"background-color:rgba(0, 0, 0, 0)\" class=\"has-inline-color has-luminous-vivid-orange-color\">Venez vous ressourcer dans un milieu hivernal sauvage&#8230;<\/mark><\/strong><br><br>A la journ\u00e9e ou 1\/2 journ\u00e9e, pour passer un col de montagne ou simplement contempler&#8230; je vous propose tout l&rsquo;hiver des formules adapt\u00e9es \u00e0 vos envies. <br><br><em>Au programme des 1\/2 journ\u00e9es cet<strong> hiver 2026 :<\/strong><\/em><br>&#8211; <strong><mark style=\"background-color:rgba(0, 0, 0, 0)\" class=\"has-inline-color has-luminous-vivid-orange-color\">Sp\u00e9ciale famille d\u00e8s 5 ans<\/mark><\/strong> avec un jeu \u00e0 th\u00e8me pour d\u00e9couvrir la montagne et marcher en s&rsquo;amusant : \u00ab\u00a0A la recherche du petit chamois\u00a0\u00bb. <strong>A FAIRE EN FAMILLE !<\/strong><br>&#8211; <strong><mark style=\"background-color:rgba(0, 0, 0, 0)\" class=\"has-inline-color has-luminous-vivid-orange-color\">Balade et panorama<\/mark><\/strong> pour d\u00e9couvrir la vall\u00e9e du Giffre depuis le haut \u00e0 travers les for\u00eats, les clairi\u00e8res et ses histoires locales..<br>-Le <strong><mark style=\"background-color:rgba(0, 0, 0, 0)\" class=\"has-inline-color has-luminous-vivid-orange-color\">Cirque du Fer \u00e0 Cheval<\/mark><\/strong>, magique avec toutes ses cascades gel\u00e9es, <strong>\u00e0 ne pas manquer !<\/strong><br>-Le <mark style=\"background-color:rgba(0, 0, 0, 0)\" class=\"has-inline-color has-luminous-vivid-orange-color\"><strong>petit vallon de la \u00ab\u00a0Crotte\u00a0\u00bb<\/strong> <\/mark>pour observer les mouflons et les chamois qui y vivent, jolie balade sans difficult\u00e9 en for\u00eat et le long d&rsquo;une rivi\u00e8re.<br><br>&#8211;<strong><mark style=\"background-color:rgba(0, 0, 0, 0)\" class=\"has-inline-color has-luminous-vivid-orange-color\">Randonn\u00e9e immersion \u00e0 la journ\u00e9e<\/mark><\/strong> pour prendre le temps d&rsquo;une grande pause en montagne. Niveau facile ou niveau sportif, avec petit sommet. Vue d\u00e9gag\u00e9e sur nos sommets Hauts Savoyards, de la chaine du Mt Blanc au Lac L\u00e9man.<br><br>Tarifs et disponibilit\u00e9s sur demande, inscription par mail ou t\u00e9l\u00e9phone. A partir de 25\u20ac par enfant et 30\u20ac par adulte en demi journ\u00e9e et 55\u20ac par journ\u00e9e \/ groupe de 5 \u00e0 12 personnes.<br>Mat\u00e9riel fourni (b\u00e2tons, raquettes et mat\u00e9riel d&rsquo;observation).<\/p>\n\n\n\n<figure class=\"wp-block-gallery has-nested-images columns-default is-cropped wp-block-gallery-1 is-layout-flex wp-block-gallery-is-layout-flex\">\n<figure class=\"wp-block-image size-large\"><img loading=\"lazy\" decoding=\"async\" width=\"1024\" height=\"277\" data-id=\"426\" src=\"https:\/\/trekycimes.com\/wp-content\/uploads\/2021\/01\/20200220_124121-1024x277.jpg\" alt=\"\" class=\"wp-image-426\" srcset=\"http:\/\/trekycimes.com\/wp-content\/uploads\/2021\/01\/20200220_124121-1024x277.jpg 1024w, http:\/\/trekycimes.com\/wp-content\/uploads\/2021\/01\/20200220_124121-300x81.jpg 300w, http:\/\/trekycimes.com\/wp-content\/uploads\/2021\/01\/20200220_124121-768x208.jpg 768w, http:\/\/trekycimes.com\/wp-content\/uploads\/2021\/01\/20200220_124121-1536x416.jpg 1536w, http:\/\/trekycimes.com\/wp-content\/uploads\/2021\/01\/20200220_124121-2048x555.jpg 2048w\" sizes=\"(max-width: 1024px) 100vw, 1024px\" \/><\/figure>\n<\/figure>\n\n\n\n<div class=\"wp-block-group\"><div class=\"wp-block-group__inner-container is-layout-constrained wp-block-group-is-layout-constrained\">\n<figure class=\"wp-block-gallery has-nested-images columns-default is-cropped wp-block-gallery-2 is-layout-flex wp-block-gallery-is-layout-flex\">\n<figure class=\"wp-block-image size-large\"><img loading=\"lazy\" decoding=\"async\" width=\"1024\" height=\"768\" src=\"https:\/\/trekycimes.com\/wp-content\/uploads\/2021\/01\/P1050482-1-1024x768.jpg\" alt=\"\" class=\"wp-image-430\" srcset=\"http:\/\/trekycimes.com\/wp-content\/uploads\/2021\/01\/P1050482-1-1024x768.jpg 1024w, http:\/\/trekycimes.com\/wp-content\/uploads\/2021\/01\/P1050482-1-300x225.jpg 300w, http:\/\/trekycimes.com\/wp-content\/uploads\/2021\/01\/P1050482-1-768x576.jpg 768w, http:\/\/trekycimes.com\/wp-content\/uploads\/2021\/01\/P1050482-1-1536x1152.jpg 1536w, http:\/\/trekycimes.com\/wp-content\/uploads\/2021\/01\/P1050482-1-2048x1536.jpg 2048w\" sizes=\"(max-width: 1024px) 100vw, 1024px\" \/><\/figure>\n\n\n\n<figure class=\"wp-block-image size-large\"><img loading=\"lazy\" decoding=\"async\" width=\"498\" height=\"1024\" src=\"http:\/\/trekycimes.com\/wp-content\/uploads\/2024\/12\/20220116_160307-498x1024.jpg\" alt=\"\" class=\"wp-image-613\" srcset=\"http:\/\/trekycimes.com\/wp-content\/uploads\/2024\/12\/20220116_160307-498x1024.jpg 498w, http:\/\/trekycimes.com\/wp-content\/uploads\/2024\/12\/20220116_160307-146x300.jpg 146w, http:\/\/trekycimes.com\/wp-content\/uploads\/2024\/12\/20220116_160307-768x1580.jpg 768w, http:\/\/trekycimes.com\/wp-content\/uploads\/2024\/12\/20220116_160307-747x1536.jpg 747w, http:\/\/trekycimes.com\/wp-content\/uploads\/2024\/12\/20220116_160307-996x2048.jpg 996w, http:\/\/trekycimes.com\/wp-content\/uploads\/2024\/12\/20220116_160307-scaled.jpg 1244w\" sizes=\"(max-width: 498px) 100vw, 498px\" \/><\/figure>\n\n\n\n<figure class=\"wp-block-image size-large\"><img loading=\"lazy\" decoding=\"async\" width=\"498\" height=\"1024\" src=\"http:\/\/trekycimes.com\/wp-content\/uploads\/2024\/12\/20220108_110956-498x1024.jpg\" alt=\"\" class=\"wp-image-614\" srcset=\"http:\/\/trekycimes.com\/wp-content\/uploads\/2024\/12\/20220108_110956-498x1024.jpg 498w, http:\/\/trekycimes.com\/wp-content\/uploads\/2024\/12\/20220108_110956-146x300.jpg 146w, http:\/\/trekycimes.com\/wp-content\/uploads\/2024\/12\/20220108_110956-768x1580.jpg 768w, http:\/\/trekycimes.com\/wp-content\/uploads\/2024\/12\/20220108_110956-747x1536.jpg 747w, http:\/\/trekycimes.com\/wp-content\/uploads\/2024\/12\/20220108_110956-996x2048.jpg 996w, http:\/\/trekycimes.com\/wp-content\/uploads\/2024\/12\/20220108_110956-scaled.jpg 1244w\" sizes=\"(max-width: 498px) 100vw, 498px\" \/><\/figure>\n\n\n\n<figure class=\"wp-block-image size-large\"><img loading=\"lazy\" decoding=\"async\" width=\"1024\" height=\"576\" src=\"https:\/\/trekycimes.com\/wp-content\/uploads\/2021\/01\/20180223_141901-2-1024x576.jpg\" alt=\"\" class=\"wp-image-429\" srcset=\"http:\/\/trekycimes.com\/wp-content\/uploads\/2021\/01\/20180223_141901-2-1024x576.jpg 1024w, http:\/\/trekycimes.com\/wp-content\/uploads\/2021\/01\/20180223_141901-2-300x169.jpg 300w, http:\/\/trekycimes.com\/wp-content\/uploads\/2021\/01\/20180223_141901-2-768x432.jpg 768w, http:\/\/trekycimes.com\/wp-content\/uploads\/2021\/01\/20180223_141901-2-1536x864.jpg 1536w, http:\/\/trekycimes.com\/wp-content\/uploads\/2021\/01\/20180223_141901-2-2048x1152.jpg 2048w\" sizes=\"(max-width: 1024px) 100vw, 1024px\" \/><\/figure>\n\n\n\n<figure class=\"wp-block-image size-large is-style-default\"><img loading=\"lazy\" decoding=\"async\" width=\"585\" height=\"1024\" src=\"http:\/\/trekycimes.com\/wp-content\/uploads\/2024\/12\/groupe-devant-corne-chamois-585x1024.jpg\" alt=\"\" class=\"wp-image-620\" srcset=\"http:\/\/trekycimes.com\/wp-content\/uploads\/2024\/12\/groupe-devant-corne-chamois-585x1024.jpg 585w, http:\/\/trekycimes.com\/wp-content\/uploads\/2024\/12\/groupe-devant-corne-chamois-171x300.jpg 171w, http:\/\/trekycimes.com\/wp-content\/uploads\/2024\/12\/groupe-devant-corne-chamois-768x1345.jpg 768w, http:\/\/trekycimes.com\/wp-content\/uploads\/2024\/12\/groupe-devant-corne-chamois-877x1536.jpg 877w, http:\/\/trekycimes.com\/wp-content\/uploads\/2024\/12\/groupe-devant-corne-chamois-1169x2048.jpg 1169w, http:\/\/trekycimes.com\/wp-content\/uploads\/2024\/12\/groupe-devant-corne-chamois-scaled.jpg 1462w\" sizes=\"(max-width: 585px) 100vw, 585px\" \/><\/figure>\n\n\n\n<figure class=\"wp-block-image size-large\"><img loading=\"lazy\" decoding=\"async\" width=\"573\" height=\"1024\" src=\"http:\/\/trekycimes.com\/wp-content\/uploads\/2024\/12\/20220207_105253-573x1024.jpg\" alt=\"\" class=\"wp-image-621\" srcset=\"http:\/\/trekycimes.com\/wp-content\/uploads\/2024\/12\/20220207_105253-573x1024.jpg 573w, http:\/\/trekycimes.com\/wp-content\/uploads\/2024\/12\/20220207_105253-168x300.jpg 168w, http:\/\/trekycimes.com\/wp-content\/uploads\/2024\/12\/20220207_105253-768x1372.jpg 768w, http:\/\/trekycimes.com\/wp-content\/uploads\/2024\/12\/20220207_105253-860x1536.jpg 860w, http:\/\/trekycimes.com\/wp-content\/uploads\/2024\/12\/20220207_105253-1146x2048.jpg 1146w, http:\/\/trekycimes.com\/wp-content\/uploads\/2024\/12\/20220207_105253-scaled.jpg 1433w\" sizes=\"(max-width: 573px) 100vw, 573px\" \/><\/figure>\n<\/figure>\n<\/div><\/div>\n\n\n\n<div class=\"wp-block-group alignwide\"><div class=\"wp-block-group__inner-container is-layout-constrained wp-block-group-is-layout-constrained\"><div class=\"wp-block-image\">\n<figure class=\"alignleft size-large is-resized\"><img loading=\"lazy\" decoding=\"async\" width=\"726\" height=\"1024\" src=\"http:\/\/trekycimes.com\/wp-content\/uploads\/2024\/12\/dva-1-726x1024.jpg\" alt=\"\" class=\"wp-image-616\" style=\"width:208px;height:auto\" srcset=\"http:\/\/trekycimes.com\/wp-content\/uploads\/2024\/12\/dva-1-726x1024.jpg 726w, http:\/\/trekycimes.com\/wp-content\/uploads\/2024\/12\/dva-1-213x300.jpg 213w, http:\/\/trekycimes.com\/wp-content\/uploads\/2024\/12\/dva-1-768x1084.jpg 768w, http:\/\/trekycimes.com\/wp-content\/uploads\/2024\/12\/dva-1.jpg 1068w\" sizes=\"(max-width: 726px) 100vw, 726px\" \/><\/figure><\/div>\n\n\n<div class=\"wp-block-columns alignwide is-layout-flex wp-container-core-columns-is-layout-1 wp-block-columns-is-layout-flex\">\n<div class=\"wp-block-column is-layout-flow wp-block-column-is-layout-flow\" style=\"flex-basis:15%\">\n<figure class=\"wp-block-image\"><img loading=\"lazy\" decoding=\"async\" width=\"263\" height=\"330\" src=\"https:\/\/trekycimes.com\/wp-content\/uploads\/2021\/12\/anena-2.png\" alt=\"\" class=\"wp-image-459\" srcset=\"http:\/\/trekycimes.com\/wp-content\/uploads\/2021\/12\/anena-2.png 263w, http:\/\/trekycimes.com\/wp-content\/uploads\/2021\/12\/anena-2-239x300.png 239w\" sizes=\"(max-width: 263px) 100vw, 263px\" \/><\/figure>\n<\/div>\n\n\n\n<div class=\"wp-block-column is-layout-flow wp-block-column-is-layout-flow\" style=\"flex-basis:85%\">\n<h2 class=\"wp-block-heading\"><strong><span class=\"has-inline-color has-luminous-vivid-orange-color\">Formation gestion du risque d\u2019avalanche en raquettes \u00e0 neige et recherche DVA.<em> <\/em><\/span><\/strong><span class=\"has-inline-color has-luminous-vivid-orange-color\"><strong>Niveau 1<\/strong><\/span><\/h2>\n\n\n\n<p><strong>Nivologie pratique et s\u00e9curit\u00e9 en terrain enneig\u00e9 (1\/2journ\u00e9e)<\/strong><br>Acqu\u00e9rir les <strong>bases de la gestion du risque d\u2019avalanche<\/strong> en randonn\u00e9e \u00e0 raquettes&nbsp;: lire et interpr\u00e9ter une carte topographique, une appli carto, un BERA&nbsp;; reconna\u00eetre diff\u00e9rents types de neige et les <strong>situations avalancheuses caract\u00e9ristiques<\/strong>, <strong>lire les pi\u00e8ges de terrain<\/strong>, comprendre les <strong>prises de d\u00e9cision<\/strong> et appliquer les consignes du leader.<br><br><strong>Sauvetage avalanche. (1\/2 journ\u00e9e)<br>E<\/strong>tre capable de g\u00e9rer seul une <strong>situation de recherche et de d\u00e9gagement d\u2019une victime <\/strong>d\u2019avalanche&nbsp;: <strong>test d\u2019utilisation DVA, conduite \u00e0 tenir en cas d\u2019accident, passer une alerte, recherche DVA avec sondage et pelletage<\/strong>.<\/p>\n\n\n\n<p>Dates : tous les samedis et dimanche en d\u00e9cembre, janvier et f\u00e9vrier 2026<br>Accessible aux d\u00e9butants et initi\u00e9s.<br>Tarifs : 75 \u20ac \/ journ\u00e9e. Formule 1\/2 journ\u00e9e \u00e0 45\u20ac<br>Groupe de 5 \u00e0 8 personnes.<br>Autres dates et groupes privatis\u00e9s possible, sur demande.<br>Documentation et outils p\u00e9dagogiques ANENA \u00e0 l&rsquo;appui.<\/p>\n\n\n\n<p><mark style=\"background-color:rgba(0, 0, 0, 0)\" class=\"has-inline-color has-black-color\">Possibilit\u00e9 d&rsquo;aller plus loin dans les apprentissages :<\/mark><mark style=\"background-color:rgba(0, 0, 0, 0)\" class=\"has-inline-color has-luminous-vivid-orange-color\"><br><strong>Niveau 2 : Autonomie et gestion du risque d\u2019avalanche en raquettes \u00e0 neige \/ Organiser un sauvetage avalanche<br>Niveau 3 : Gestion de groupe et prise de d\u00e9cision face au risque d\u2019avalanche<\/strong><\/mark><br><\/p>\n<\/div>\n<\/div>\n<\/div><\/div>\n","protected":false},"excerpt":{"rendered":"<p>Venez vous ressourcer dans un milieu hivernal sauvage&#8230; A la journ\u00e9e ou 1\/2 journ\u00e9e, pour passer un col de montagne ou simplement contempler&#8230; je vous propose tout l&rsquo;hiver des formules <a class=\"more-link\" href=\"http:\/\/trekycimes.com\/index.php\/raquette\/\">Continue Reading &rarr;<\/a><\/p>\n","protected":false},"author":1,"featured_media":0,"parent":0,"menu_order":0,"comment_status":"closed","ping_status":"closed","template":"","meta":{"footnotes":""},"_links":{"self":[{"href":"http:\/\/trekycimes.com\/index.php\/wp-json\/wp\/v2\/pages\/96"}],"collection":[{"href":"http:\/\/trekycimes.com\/index.php\/wp-json\/wp\/v2\/pages"}],"about":[{"href":"http:\/\/trekycimes.com\/index.php\/wp-json\/wp\/v2\/types\/page"}],"author":[{"embeddable":true,"href":"http:\/\/trekycimes.com\/index.php\/wp-json\/wp\/v2\/users\/1"}],"replies":[{"embeddable":true,"href":"http:\/\/trekycimes.com\/index.php\/wp-json\/wp\/v2\/comments?post=96"}],"version-history":[{"count":25,"href":"http:\/\/trekycimes.com\/index.php\/wp-json\/wp\/v2\/pages\/96\/revisions"}],"predecessor-version":[{"id":647,"href":"http:\/\/trekycimes.com\/index.php\/wp-json\/wp\/v2\/pages\/96\/revisions\/647"}],"wp:attachment":[{"href":"http:\/\/trekycimes.com\/index.php\/wp-json\/wp\/v2\/media?parent=96"}],"curies":[{"name":"wp","href":"https:\/\/api.w.org\/{rel}","templated":true}]}}